

{"id":19152,"date":"2023-12-18T15:15:03","date_gmt":"2023-12-18T14:15:03","guid":{"rendered":"https:\/\/compoz-parfum.com\/?post_type=product&#038;p=19152"},"modified":"2024-06-13T16:22:21","modified_gmt":"2024-06-13T14:22:21","slug":"sequoia-millenaire","status":"publish","type":"product","link":"https:\/\/compoz-parfum.com\/en\/boutique\/olfactory-playlists\/relaxation-rituals\/sequoia-millenaire","title":{"rendered":"S\u00e9quo\u00efa mill\u00e9naire"},"content":{"rendered":"","protected":false},"excerpt":{"rendered":"<p>Connect with ancient, vast, exceptional nature.<\/p>\n<p>A nature where the soul of the wood expresses itself authentically and almost mystically.<\/p>\n<p>Welcome to Sequoia Park&#8217;s millennium forest, California.<\/p>\n","protected":false},"featured_media":19345,"template":"","meta":[],"product_brand":[],"product_cat":[307,316],"product_tag":[],"class_list":{"0":"post-19152","1":"product","2":"type-product","3":"status-publish","4":"has-post-thumbnail","6":"product_cat-olfactory-playlists","7":"product_cat-relaxation-rituals","9":"first","10":"instock","11":"taxable","12":"shipping-taxable","13":"purchasable","14":"product-type-simple"},"acf":[],"_links":{"self":[{"href":"https:\/\/compoz-parfum.com\/en\/wp-json\/wp\/v2\/product\/19152","targetHints":{"allow":["GET"]}}],"collection":[{"href":"https:\/\/compoz-parfum.com\/en\/wp-json\/wp\/v2\/product"}],"about":[{"href":"https:\/\/compoz-parfum.com\/en\/wp-json\/wp\/v2\/types\/product"}],"wp:featuredmedia":[{"embeddable":true,"href":"https:\/\/compoz-parfum.com\/en\/wp-json\/wp\/v2\/media\/19345"}],"wp:attachment":[{"href":"https:\/\/compoz-parfum.com\/en\/wp-json\/wp\/v2\/media?parent=19152"}],"wp:term":[{"taxonomy":"product_brand","embeddable":true,"href":"https:\/\/compoz-parfum.com\/en\/wp-json\/wp\/v2\/product_brand?post=19152"},{"taxonomy":"product_cat","embeddable":true,"href":"https:\/\/compoz-parfum.com\/en\/wp-json\/wp\/v2\/product_cat?post=19152"},{"taxonomy":"product_tag","embeddable":true,"href":"https:\/\/compoz-parfum.com\/en\/wp-json\/wp\/v2\/product_tag?post=19152"}],"curies":[{"name":"wp","href":"https:\/\/api.w.org\/{rel}","templated":true}]}}