

{"id":18547,"date":"2023-06-27T16:08:40","date_gmt":"2023-06-27T14:08:40","guid":{"rendered":"https:\/\/compoz-parfum.com\/boutique\/uncategorized\/fraicheur-revee"},"modified":"2023-12-08T17:07:23","modified_gmt":"2023-12-08T16:07:23","slug":"fraicheur-revee","status":"publish","type":"product","link":"https:\/\/compoz-parfum.com\/en\/boutique\/olfactory-playlists\/sleepwell\/fraicheur-revee","title":{"rendered":"Fra\u00eecheur r\u00eav\u00e9e"},"content":{"rendered":"","protected":false},"excerpt":{"rendered":"<p>A fresh composition to play during warm nights: the soft sea breeze, the crunchy and juicy fig underlined by the freshness of fresh spices and bergamot.<\/p>\n<p>A creation that helps you purify your mind for a restful night.<\/p>\n<p><strong>\u00c9pices fra\u00eeches:<\/strong> stress reliever<br \/>\n<strong>Bergamote<\/strong>: energising<br \/>\n<strong>Rose<\/strong>: stress reliever<\/p>\n","protected":false},"featured_media":13096,"template":"","meta":[],"product_brand":[],"product_cat":[307,312],"product_tag":[],"class_list":{"0":"post-18547","1":"product","2":"type-product","3":"status-publish","4":"has-post-thumbnail","6":"product_cat-olfactory-playlists","7":"product_cat-sleepwell","9":"first","10":"instock","11":"taxable","12":"shipping-taxable","13":"purchasable","14":"product-type-simple"},"acf":[],"_links":{"self":[{"href":"https:\/\/compoz-parfum.com\/en\/wp-json\/wp\/v2\/product\/18547","targetHints":{"allow":["GET"]}}],"collection":[{"href":"https:\/\/compoz-parfum.com\/en\/wp-json\/wp\/v2\/product"}],"about":[{"href":"https:\/\/compoz-parfum.com\/en\/wp-json\/wp\/v2\/types\/product"}],"wp:featuredmedia":[{"embeddable":true,"href":"https:\/\/compoz-parfum.com\/en\/wp-json\/wp\/v2\/media\/13096"}],"wp:attachment":[{"href":"https:\/\/compoz-parfum.com\/en\/wp-json\/wp\/v2\/media?parent=18547"}],"wp:term":[{"taxonomy":"product_brand","embeddable":true,"href":"https:\/\/compoz-parfum.com\/en\/wp-json\/wp\/v2\/product_brand?post=18547"},{"taxonomy":"product_cat","embeddable":true,"href":"https:\/\/compoz-parfum.com\/en\/wp-json\/wp\/v2\/product_cat?post=18547"},{"taxonomy":"product_tag","embeddable":true,"href":"https:\/\/compoz-parfum.com\/en\/wp-json\/wp\/v2\/product_tag?post=18547"}],"curies":[{"name":"wp","href":"https:\/\/api.w.org\/{rel}","templated":true}]}}