

{"id":18474,"date":"2023-07-12T17:08:05","date_gmt":"2023-07-12T15:08:05","guid":{"rendered":"https:\/\/compoz-parfum.com\/boutique\/uncategorized\/parfum-apaisant"},"modified":"2023-12-08T17:06:07","modified_gmt":"2023-12-08T16:06:07","slug":"parfum-apaisant","status":"publish","type":"product","link":"https:\/\/compoz-parfum.com\/en\/boutique\/olfactory-playlists\/relaxation-rituals\/parfum-apaisant","title":{"rendered":"Cr\u00e9puscule d&#8217;\u00e9t\u00e9"},"content":{"rendered":"","protected":false},"excerpt":{"rendered":"<p>Like the end of a beautiful summer day when a walk along the sea allows you to evacuate the stress of the day, this creation re-equilibrates you with the relaxing and anti-stress properties of Verveine and Ambre 83.<\/p>\n<p>An enveloping, vanilla-based well-being composition, refreshed by the sunny notes of Ylang-ylang, perfect to be played at the very beginning of the evening.<\/p>\n","protected":false},"featured_media":15593,"template":"","meta":[],"product_brand":[],"product_cat":[307,316],"product_tag":[],"class_list":{"0":"post-18474","1":"product","2":"type-product","3":"status-publish","4":"has-post-thumbnail","6":"product_cat-olfactory-playlists","7":"product_cat-relaxation-rituals","9":"first","10":"instock","11":"taxable","12":"shipping-taxable","13":"purchasable","14":"product-type-simple"},"acf":[],"_links":{"self":[{"href":"https:\/\/compoz-parfum.com\/en\/wp-json\/wp\/v2\/product\/18474","targetHints":{"allow":["GET"]}}],"collection":[{"href":"https:\/\/compoz-parfum.com\/en\/wp-json\/wp\/v2\/product"}],"about":[{"href":"https:\/\/compoz-parfum.com\/en\/wp-json\/wp\/v2\/types\/product"}],"wp:featuredmedia":[{"embeddable":true,"href":"https:\/\/compoz-parfum.com\/en\/wp-json\/wp\/v2\/media\/15593"}],"wp:attachment":[{"href":"https:\/\/compoz-parfum.com\/en\/wp-json\/wp\/v2\/media?parent=18474"}],"wp:term":[{"taxonomy":"product_brand","embeddable":true,"href":"https:\/\/compoz-parfum.com\/en\/wp-json\/wp\/v2\/product_brand?post=18474"},{"taxonomy":"product_cat","embeddable":true,"href":"https:\/\/compoz-parfum.com\/en\/wp-json\/wp\/v2\/product_cat?post=18474"},{"taxonomy":"product_tag","embeddable":true,"href":"https:\/\/compoz-parfum.com\/en\/wp-json\/wp\/v2\/product_tag?post=18474"}],"curies":[{"name":"wp","href":"https:\/\/api.w.org\/{rel}","templated":true}]}}