

{"id":18461,"date":"2023-11-20T11:11:51","date_gmt":"2023-11-20T10:11:51","guid":{"rendered":"https:\/\/compoz-parfum.com\/boutique\/uncategorized\/plaisir-coupable"},"modified":"2023-12-08T17:06:06","modified_gmt":"2023-12-08T16:06:06","slug":"plaisir-coupable","status":"publish","type":"product","link":"https:\/\/compoz-parfum.com\/en\/boutique\/olfactory-playlists\/holidays-season\/plaisir-coupable","title":{"rendered":"Plaisir Coupable"},"content":{"rendered":"","protected":false},"excerpt":{"rendered":"<p>Immerse yourself in the gourmet delights of the end of the year, when, from the still warm stoves, delicious, round and zesty notes perfume the whole house.<\/p>\n<p>The roundness of F\u00e8ve Tonka is here sublimated by the vivacity of \u00c9pices fra\u00eeches and the Cannelle pod, between guilty pleasure and assumed gourmandise.<\/p>\n","protected":false},"featured_media":17825,"template":"","meta":[],"product_brand":[],"product_cat":[310,307],"product_tag":[],"class_list":{"0":"post-18461","1":"product","2":"type-product","3":"status-publish","4":"has-post-thumbnail","6":"product_cat-holidays-season","7":"product_cat-olfactory-playlists","9":"first","10":"instock","11":"taxable","12":"shipping-taxable","13":"purchasable","14":"product-type-simple"},"acf":[],"_links":{"self":[{"href":"https:\/\/compoz-parfum.com\/en\/wp-json\/wp\/v2\/product\/18461","targetHints":{"allow":["GET"]}}],"collection":[{"href":"https:\/\/compoz-parfum.com\/en\/wp-json\/wp\/v2\/product"}],"about":[{"href":"https:\/\/compoz-parfum.com\/en\/wp-json\/wp\/v2\/types\/product"}],"wp:featuredmedia":[{"embeddable":true,"href":"https:\/\/compoz-parfum.com\/en\/wp-json\/wp\/v2\/media\/17825"}],"wp:attachment":[{"href":"https:\/\/compoz-parfum.com\/en\/wp-json\/wp\/v2\/media?parent=18461"}],"wp:term":[{"taxonomy":"product_brand","embeddable":true,"href":"https:\/\/compoz-parfum.com\/en\/wp-json\/wp\/v2\/product_brand?post=18461"},{"taxonomy":"product_cat","embeddable":true,"href":"https:\/\/compoz-parfum.com\/en\/wp-json\/wp\/v2\/product_cat?post=18461"},{"taxonomy":"product_tag","embeddable":true,"href":"https:\/\/compoz-parfum.com\/en\/wp-json\/wp\/v2\/product_tag?post=18461"}],"curies":[{"name":"wp","href":"https:\/\/api.w.org\/{rel}","templated":true}]}}